{"id":12103,"date":"2023-10-02T11:39:33","date_gmt":"2023-10-02T11:39:33","guid":{"rendered":"https:\/\/wittenstein.ee\/?page_id=12103"},"modified":"2023-10-02T12:27:26","modified_gmt":"2023-10-02T12:27:26","slug":"hankekord-ja-aktiivsed-hinnakusimised","status":"publish","type":"page","link":"https:\/\/wittenstein.ee\/en\/hankekord-ja-aktiivsed-hinnakusimised\/","title":{"rendered":"Hankekord ja aktiivsed hinnak\u00fcsimised"},"content":{"rendered":"<p>[et_pb_section fb_built=&#8221;1&#8243; _builder_version=&#8221;4.20.0&#8243; _module_preset=&#8221;default&#8221; custom_margin=&#8221;||||false|false&#8221; custom_padding=&#8221;10px||10px||false|false&#8221; collapsed=&#8221;off&#8221; global_colors_info=&#8221;{}&#8221;][et_pb_row _builder_version=&#8221;4.20.4&#8243; _module_preset=&#8221;default&#8221; custom_margin=&#8221;40px||||false|false&#8221; hover_enabled=&#8221;0&#8243; global_colors_info=&#8221;{}&#8221; sticky_enabled=&#8221;0&#8243;][et_pb_column type=&#8221;4_4&#8243; _builder_version=&#8221;4.20.0&#8243; _module_preset=&#8221;default&#8221; global_colors_info=&#8221;{}&#8221;][et_pb_button button_text=&#8221;SA AJAKESKUS  WITTENSTEIN KINNITATUD HANKEKORD&#8221; _builder_version=&#8221;4.20.4&#8243; _module_preset=&#8221;default&#8221; hover_enabled=&#8221;0&#8243; sticky_enabled=&#8221;0&#8243; custom_button=&#8221;on&#8221; button_text_size=&#8221;36px&#8221; button_url=&#8221;https:\/\/wittenstein.ee\/wp-content\/uploads\/2023\/10\/hankekord-SA-Ajakeskus-Wittenstein.pdf&#8221; url_new_window=&#8221;on&#8221;][\/et_pb_button][et_pb_text _builder_version=&#8221;4.20.4&#8243; _module_preset=&#8221;default&#8221; header_font=&#8221;|700|||||||&#8221; header_font_size=&#8221;60px&#8221; header_line_height=&#8221;1.15em&#8221; custom_margin=&#8221;||10px||false|false&#8221; custom_padding=&#8221;||||false|false&#8221; header_font_size_tablet=&#8221;50px&#8221; header_font_size_phone=&#8221;45px&#8221; header_font_size_last_edited=&#8221;on|phone&#8221; global_colors_info=&#8221;{}&#8221;]<\/p>\n<h1>Aktiivsed hinnak\u00fcsimised<\/h1>\n<p>[\/et_pb_text][et_pb_text _builder_version=&#8221;4.20.4&#8243; _module_preset=&#8221;default&#8221; custom_margin=&#8221;40px||||false|false&#8221; hover_enabled=&#8221;0&#8243; global_colors_info=&#8221;{}&#8221; sticky_enabled=&#8221;0&#8243; custom_padding=&#8221;||0px|||&#8221;]<\/p>\n<h2>&#8220;Pakkumuse k\u00fcsimine maakleriteenusele&#8221;<strong><\/strong><strong><\/strong><\/h2>\n<p>&nbsp;<\/p>\n<p><strong>HINNAK\u00dcSIMISE SISU:\u00a0 SA Ajakeskus Wittenstein soovib hinnapakkumist maakleriteenusele. M\u00fc\u00fcgiobjektiks on hoonestatud kinnistu aadressil Lembitu 5, Paide (registriosa nr 2593036). <\/strong><\/p>\n<p><strong>Sihtotstarbega sotsiaalmaa (potentsiaal muuta \u00e4ri-\/elamispinnaks)<\/strong><\/p>\n<p><strong>Olemas on Uusmaa kinnisvarab\u00fcroo ekspertarvamus.<\/strong><strong><\/strong><\/p>\n<p><strong>HANKIJA NIMI:<\/strong> SA Ajakeskus Wittenstein.<\/p>\n<p><strong>KONTAKTISIK:<\/strong> Ants Hiiemaa tel. 5347 4875, ants@wittenstein.ee<\/p>\n<p><strong>Pakkumise esitamise t\u00e4htaeg: 9. oktoober 2023\u00a0<\/strong><\/p>\n<p>&nbsp;<\/p>\n<p>[\/et_pb_text][\/et_pb_column][\/et_pb_row][\/et_pb_section][et_pb_section fb_built=&#8221;1&#8243; theme_builder_area=&#8221;post_content&#8221; _builder_version=&#8221;4.20.4&#8243; _module_preset=&#8221;default&#8221;][et_pb_row _builder_version=&#8221;4.20.4&#8243; _module_preset=&#8221;default&#8221; theme_builder_area=&#8221;post_content&#8221;][et_pb_column _builder_version=&#8221;4.20.4&#8243; _module_preset=&#8221;default&#8221; type=&#8221;4_4&#8243; theme_builder_area=&#8221;post_content&#8221;][et_pb_image src=&#8221;https:\/\/wittenstein.ee\/wp-content\/uploads\/2023\/10\/muuseum-2018.jpg&#8221; _builder_version=&#8221;4.20.4&#8243; _module_preset=&#8221;default&#8221; theme_builder_area=&#8221;post_content&#8221; title_text=&#8221;muuseum-2018&#8243; hover_enabled=&#8221;0&#8243; sticky_enabled=&#8221;0&#8243;][\/et_pb_image][\/et_pb_column][\/et_pb_row][\/et_pb_section]<\/p>\n","protected":false},"excerpt":{"rendered":"<p>Aktiivsed hinnak\u00fcsimised&#8221;Pakkumuse k\u00fcsimine maakleriteenusele&#8221; &nbsp; HINNAK\u00dcSIMISE SISU:\u00a0 SA Ajakeskus Wittenstein soovib hinnapakkumist maakleriteenusele. M\u00fc\u00fcgiobjektiks on hoonestatud kinnistu aadressil Lembitu 5, Paide (registriosa nr 2593036). Sihtotstarbega sotsiaalmaa (potentsiaal muuta \u00e4ri-\/elamispinnaks) Olemas on Uusmaa kinnisvarab\u00fcroo ekspertarvamus. HANKIJA NIMI: SA Ajakeskus Wittenstein. KONTAKTISIK: Ants Hiiemaa tel. 5347 4875, ants@wittenstein.ee Pakkumise esitamise t\u00e4htaeg: 9. oktoober 2023\u00a0 &nbsp;<\/p>\n","protected":false},"author":4,"featured_media":0,"parent":0,"menu_order":0,"comment_status":"closed","ping_status":"closed","template":"","meta":{"_et_pb_use_builder":"on","_et_pb_old_content":"","_et_gb_content_width":"","footnotes":""},"class_list":["post-12103","page","type-page","status-publish","hentry"],"yoast_head":"<!-- This site is optimized with the Yoast SEO plugin v27.2 - https:\/\/yoast.com\/product\/yoast-seo-wordpress\/ -->\n<title>Hankekord ja aktiivsed hinnak\u00fcsimised - Wittenstein<\/title>\n<meta name=\"robots\" content=\"index, follow, max-snippet:-1, max-image-preview:large, max-video-preview:-1\" \/>\n<link rel=\"canonical\" href=\"https:\/\/wittenstein.ee\/en\/hankekord-ja-aktiivsed-hinnakusimised\/\" \/>\n<meta property=\"og:locale\" content=\"en_US\" \/>\n<meta property=\"og:type\" content=\"article\" \/>\n<meta property=\"og:title\" content=\"Hankekord ja aktiivsed hinnak\u00fcsimised - Wittenstein\" \/>\n<meta property=\"og:description\" content=\"Aktiivsed hinnak\u00fcsimised&quot;Pakkumuse k\u00fcsimine maakleriteenusele&quot; &nbsp; HINNAK\u00dcSIMISE SISU:\u00a0 SA Ajakeskus Wittenstein soovib hinnapakkumist maakleriteenusele. M\u00fc\u00fcgiobjektiks on hoonestatud kinnistu aadressil Lembitu 5, Paide (registriosa nr 2593036). Sihtotstarbega sotsiaalmaa (potentsiaal muuta \u00e4ri-\/elamispinnaks) Olemas on Uusmaa kinnisvarab\u00fcroo ekspertarvamus. HANKIJA NIMI: SA Ajakeskus Wittenstein. KONTAKTISIK: Ants Hiiemaa tel. 5347 4875, ants@wittenstein.ee Pakkumise esitamise t\u00e4htaeg: 9. oktoober 2023\u00a0 &nbsp;\" \/>\n<meta property=\"og:url\" content=\"https:\/\/wittenstein.ee\/en\/hankekord-ja-aktiivsed-hinnakusimised\/\" \/>\n<meta property=\"og:site_name\" content=\"Wittenstein\" \/>\n<meta property=\"article:publisher\" content=\"https:\/\/www.facebook.com\/ajakeskus\" \/>\n<meta property=\"article:modified_time\" content=\"2023-10-02T12:27:26+00:00\" \/>\n<meta property=\"og:image\" content=\"https:\/\/wittenstein.ee\/wp-content\/uploads\/2023\/03\/tunnuspilt-yoast.png\" \/>\n\t<meta property=\"og:image:width\" content=\"1200\" \/>\n\t<meta property=\"og:image:height\" content=\"675\" \/>\n\t<meta property=\"og:image:type\" content=\"image\/png\" \/>\n<script type=\"application\/ld+json\" class=\"yoast-schema-graph\">{\"@context\":\"https:\/\/schema.org\",\"@graph\":[{\"@type\":\"WebPage\",\"@id\":\"https:\/\/wittenstein.ee\/en\/hankekord-ja-aktiivsed-hinnakusimised\/\",\"url\":\"https:\/\/wittenstein.ee\/en\/hankekord-ja-aktiivsed-hinnakusimised\/\",\"name\":\"Hankekord ja aktiivsed hinnak\u00fcsimised - Wittenstein\",\"isPartOf\":{\"@id\":\"https:\/\/wittenstein.ee\/en\/#website\"},\"datePublished\":\"2023-10-02T11:39:33+00:00\",\"dateModified\":\"2023-10-02T12:27:26+00:00\",\"breadcrumb\":{\"@id\":\"https:\/\/wittenstein.ee\/en\/hankekord-ja-aktiivsed-hinnakusimised\/#breadcrumb\"},\"inLanguage\":\"en-US\",\"potentialAction\":[{\"@type\":\"ReadAction\",\"target\":[\"https:\/\/wittenstein.ee\/en\/hankekord-ja-aktiivsed-hinnakusimised\/\"]}]},{\"@type\":\"BreadcrumbList\",\"@id\":\"https:\/\/wittenstein.ee\/en\/hankekord-ja-aktiivsed-hinnakusimised\/#breadcrumb\",\"itemListElement\":[{\"@type\":\"ListItem\",\"position\":1,\"name\":\"Home\",\"item\":\"https:\/\/wittenstein.ee\/en\/\"},{\"@type\":\"ListItem\",\"position\":2,\"name\":\"Hankekord ja aktiivsed hinnak\u00fcsimised\"}]},{\"@type\":\"WebSite\",\"@id\":\"https:\/\/wittenstein.ee\/en\/#website\",\"url\":\"https:\/\/wittenstein.ee\/en\/\",\"name\":\"Ajakeskus Wittenstein\",\"description\":\"\",\"publisher\":{\"@id\":\"https:\/\/wittenstein.ee\/en\/#organization\"},\"potentialAction\":[{\"@type\":\"SearchAction\",\"target\":{\"@type\":\"EntryPoint\",\"urlTemplate\":\"https:\/\/wittenstein.ee\/en\/?s={search_term_string}\"},\"query-input\":{\"@type\":\"PropertyValueSpecification\",\"valueRequired\":true,\"valueName\":\"search_term_string\"}}],\"inLanguage\":\"en-US\"},{\"@type\":\"Organization\",\"@id\":\"https:\/\/wittenstein.ee\/en\/#organization\",\"name\":\"Ajakeskus Wittenstein\",\"url\":\"https:\/\/wittenstein.ee\/en\/\",\"logo\":{\"@type\":\"ImageObject\",\"inLanguage\":\"en-US\",\"@id\":\"https:\/\/wittenstein.ee\/en\/#\/schema\/logo\/image\/\",\"url\":\"https:\/\/wittenstein.eu\/wp-content\/uploads\/2018\/01\/ajakeskus_wittenstein_logo_vectorized-e1570191880461.png\",\"contentUrl\":\"https:\/\/wittenstein.eu\/wp-content\/uploads\/2018\/01\/ajakeskus_wittenstein_logo_vectorized-e1570191880461.png\",\"width\":1579,\"height\":1701,\"caption\":\"Ajakeskus Wittenstein\"},\"image\":{\"@id\":\"https:\/\/wittenstein.ee\/en\/#\/schema\/logo\/image\/\"},\"sameAs\":[\"https:\/\/www.facebook.com\/ajakeskus\"]}]}<\/script>\n<!-- \/ Yoast SEO plugin. -->","yoast_head_json":{"title":"Hankekord ja aktiivsed hinnak\u00fcsimised - Wittenstein","robots":{"index":"index","follow":"follow","max-snippet":"max-snippet:-1","max-image-preview":"max-image-preview:large","max-video-preview":"max-video-preview:-1"},"canonical":"https:\/\/wittenstein.ee\/en\/hankekord-ja-aktiivsed-hinnakusimised\/","og_locale":"en_US","og_type":"article","og_title":"Hankekord ja aktiivsed hinnak\u00fcsimised - Wittenstein","og_description":"Aktiivsed hinnak\u00fcsimised\"Pakkumuse k\u00fcsimine maakleriteenusele\" &nbsp; HINNAK\u00dcSIMISE SISU:\u00a0 SA Ajakeskus Wittenstein soovib hinnapakkumist maakleriteenusele. M\u00fc\u00fcgiobjektiks on hoonestatud kinnistu aadressil Lembitu 5, Paide (registriosa nr 2593036). Sihtotstarbega sotsiaalmaa (potentsiaal muuta \u00e4ri-\/elamispinnaks) Olemas on Uusmaa kinnisvarab\u00fcroo ekspertarvamus. HANKIJA NIMI: SA Ajakeskus Wittenstein. KONTAKTISIK: Ants Hiiemaa tel. 5347 4875, ants@wittenstein.ee Pakkumise esitamise t\u00e4htaeg: 9. oktoober 2023\u00a0 &nbsp;","og_url":"https:\/\/wittenstein.ee\/en\/hankekord-ja-aktiivsed-hinnakusimised\/","og_site_name":"Wittenstein","article_publisher":"https:\/\/www.facebook.com\/ajakeskus","article_modified_time":"2023-10-02T12:27:26+00:00","og_image":[{"width":1200,"height":675,"url":"https:\/\/wittenstein.ee\/wp-content\/uploads\/2023\/03\/tunnuspilt-yoast.png","type":"image\/png"}],"schema":{"@context":"https:\/\/schema.org","@graph":[{"@type":"WebPage","@id":"https:\/\/wittenstein.ee\/en\/hankekord-ja-aktiivsed-hinnakusimised\/","url":"https:\/\/wittenstein.ee\/en\/hankekord-ja-aktiivsed-hinnakusimised\/","name":"Hankekord ja aktiivsed hinnak\u00fcsimised - Wittenstein","isPartOf":{"@id":"https:\/\/wittenstein.ee\/en\/#website"},"datePublished":"2023-10-02T11:39:33+00:00","dateModified":"2023-10-02T12:27:26+00:00","breadcrumb":{"@id":"https:\/\/wittenstein.ee\/en\/hankekord-ja-aktiivsed-hinnakusimised\/#breadcrumb"},"inLanguage":"en-US","potentialAction":[{"@type":"ReadAction","target":["https:\/\/wittenstein.ee\/en\/hankekord-ja-aktiivsed-hinnakusimised\/"]}]},{"@type":"BreadcrumbList","@id":"https:\/\/wittenstein.ee\/en\/hankekord-ja-aktiivsed-hinnakusimised\/#breadcrumb","itemListElement":[{"@type":"ListItem","position":1,"name":"Home","item":"https:\/\/wittenstein.ee\/en\/"},{"@type":"ListItem","position":2,"name":"Hankekord ja aktiivsed hinnak\u00fcsimised"}]},{"@type":"WebSite","@id":"https:\/\/wittenstein.ee\/en\/#website","url":"https:\/\/wittenstein.ee\/en\/","name":"Ajakeskus Wittenstein","description":"","publisher":{"@id":"https:\/\/wittenstein.ee\/en\/#organization"},"potentialAction":[{"@type":"SearchAction","target":{"@type":"EntryPoint","urlTemplate":"https:\/\/wittenstein.ee\/en\/?s={search_term_string}"},"query-input":{"@type":"PropertyValueSpecification","valueRequired":true,"valueName":"search_term_string"}}],"inLanguage":"en-US"},{"@type":"Organization","@id":"https:\/\/wittenstein.ee\/en\/#organization","name":"Ajakeskus Wittenstein","url":"https:\/\/wittenstein.ee\/en\/","logo":{"@type":"ImageObject","inLanguage":"en-US","@id":"https:\/\/wittenstein.ee\/en\/#\/schema\/logo\/image\/","url":"https:\/\/wittenstein.eu\/wp-content\/uploads\/2018\/01\/ajakeskus_wittenstein_logo_vectorized-e1570191880461.png","contentUrl":"https:\/\/wittenstein.eu\/wp-content\/uploads\/2018\/01\/ajakeskus_wittenstein_logo_vectorized-e1570191880461.png","width":1579,"height":1701,"caption":"Ajakeskus Wittenstein"},"image":{"@id":"https:\/\/wittenstein.ee\/en\/#\/schema\/logo\/image\/"},"sameAs":["https:\/\/www.facebook.com\/ajakeskus"]}]}},"_links":{"self":[{"href":"https:\/\/wittenstein.ee\/en\/wp-json\/wp\/v2\/pages\/12103","targetHints":{"allow":["GET"]}}],"collection":[{"href":"https:\/\/wittenstein.ee\/en\/wp-json\/wp\/v2\/pages"}],"about":[{"href":"https:\/\/wittenstein.ee\/en\/wp-json\/wp\/v2\/types\/page"}],"author":[{"embeddable":true,"href":"https:\/\/wittenstein.ee\/en\/wp-json\/wp\/v2\/users\/4"}],"replies":[{"embeddable":true,"href":"https:\/\/wittenstein.ee\/en\/wp-json\/wp\/v2\/comments?post=12103"}],"version-history":[{"count":4,"href":"https:\/\/wittenstein.ee\/en\/wp-json\/wp\/v2\/pages\/12103\/revisions"}],"predecessor-version":[{"id":12117,"href":"https:\/\/wittenstein.ee\/en\/wp-json\/wp\/v2\/pages\/12103\/revisions\/12117"}],"wp:attachment":[{"href":"https:\/\/wittenstein.ee\/en\/wp-json\/wp\/v2\/media?parent=12103"}],"curies":[{"name":"wp","href":"https:\/\/api.w.org\/{rel}","templated":true}]}}